{"id":784,"date":"2021-03-22T20:30:03","date_gmt":"2021-03-22T19:30:03","guid":{"rendered":"https:\/\/www.stedenbandmeppelmost.nl\/new\/?page_id=784"},"modified":"2021-03-22T20:30:03","modified_gmt":"2021-03-22T19:30:03","slug":"2021-2","status":"publish","type":"page","link":"https:\/\/www.stedenbandmeppelmost.nl\/new\/2021-2\/","title":{"rendered":"2021"},"content":{"rendered":"<p><strong>Students 2021<\/strong><\/p>\n<p><strong>On this page the students of the Vy\u0161\u0161\u00ed Odborna \u0160kola in Most should have described their experiences in Meppel during their stay in Meppel.<\/strong><\/p>\n<p><strong>As a result of the Corona-virus epidemic these students will probably not come to Meppel this year.<\/strong><\/p>\n","protected":false},"excerpt":{"rendered":"<p>Students 2021 On this page the students of the Vy\u0161\u0161\u00ed Odborna \u0160kola in Most should have described their experiences in Meppel during their stay in Meppel. As a result of the Corona-virus epidemic these students will probably not come to Meppel this year.<\/p>\n","protected":false},"author":1,"featured_media":0,"parent":0,"menu_order":0,"comment_status":"closed","ping_status":"closed","template":"","meta":{"footnotes":""},"categories":[],"tags":[],"class_list":["post-784","page","type-page","status-publish","hentry"],"_links":{"self":[{"href":"https:\/\/www.stedenbandmeppelmost.nl\/new\/wp-json\/wp\/v2\/pages\/784","targetHints":{"allow":["GET"]}}],"collection":[{"href":"https:\/\/www.stedenbandmeppelmost.nl\/new\/wp-json\/wp\/v2\/pages"}],"about":[{"href":"https:\/\/www.stedenbandmeppelmost.nl\/new\/wp-json\/wp\/v2\/types\/page"}],"author":[{"embeddable":true,"href":"https:\/\/www.stedenbandmeppelmost.nl\/new\/wp-json\/wp\/v2\/users\/1"}],"replies":[{"embeddable":true,"href":"https:\/\/www.stedenbandmeppelmost.nl\/new\/wp-json\/wp\/v2\/comments?post=784"}],"version-history":[{"count":1,"href":"https:\/\/www.stedenbandmeppelmost.nl\/new\/wp-json\/wp\/v2\/pages\/784\/revisions"}],"predecessor-version":[{"id":785,"href":"https:\/\/www.stedenbandmeppelmost.nl\/new\/wp-json\/wp\/v2\/pages\/784\/revisions\/785"}],"wp:attachment":[{"href":"https:\/\/www.stedenbandmeppelmost.nl\/new\/wp-json\/wp\/v2\/media?parent=784"}],"wp:term":[{"taxonomy":"category","embeddable":true,"href":"https:\/\/www.stedenbandmeppelmost.nl\/new\/wp-json\/wp\/v2\/categories?post=784"},{"taxonomy":"post_tag","embeddable":true,"href":"https:\/\/www.stedenbandmeppelmost.nl\/new\/wp-json\/wp\/v2\/tags?post=784"}],"curies":[{"name":"wp","href":"https:\/\/api.w.org\/{rel}","templated":true}]}}