{"id":706,"date":"2020-01-24T14:38:38","date_gmt":"2020-01-24T12:38:38","guid":{"rendered":"http:\/\/www.stedenbandmeppelmost.nl\/new\/?page_id=706"},"modified":"2020-03-27T22:46:05","modified_gmt":"2020-03-27T20:46:05","slug":"students-2020","status":"publish","type":"page","link":"https:\/\/www.stedenbandmeppelmost.nl\/new\/students-2020\/","title":{"rendered":"2020"},"content":{"rendered":"<p><span style=\"font-family: verdana, geneva, sans-serif; font-size: 10pt;\"><strong>Students 2020<\/strong><\/span><\/p>\n<p><span style=\"font-family: verdana, geneva, sans-serif; font-size: 10pt;\"><strong>On this page the students of the Vy\u0161\u0161\u00ed Odborna \u0160kola in Most should have described their experiences in Meppel during their stay from 3 till 29 May 2020.<\/strong><\/span><\/p>\n<p><span style=\"font-family: verdana, geneva, sans-serif; font-size: 10pt;\"><strong>As a result of the Corona-virus epidemic these students cannot come to Meppel.<\/strong><\/span><\/p>\n","protected":false},"excerpt":{"rendered":"<p>Students 2020 On this page the students of the Vy\u0161\u0161\u00ed Odborna \u0160kola in Most should have described their experiences in Meppel during their stay from 3 till 29 May 2020. As a result of the Corona-virus epidemic these students cannot come to Meppel.<\/p>\n","protected":false},"author":1,"featured_media":0,"parent":0,"menu_order":0,"comment_status":"closed","ping_status":"closed","template":"","meta":{"footnotes":""},"categories":[],"tags":[],"class_list":["post-706","page","type-page","status-publish","hentry"],"_links":{"self":[{"href":"https:\/\/www.stedenbandmeppelmost.nl\/new\/wp-json\/wp\/v2\/pages\/706","targetHints":{"allow":["GET"]}}],"collection":[{"href":"https:\/\/www.stedenbandmeppelmost.nl\/new\/wp-json\/wp\/v2\/pages"}],"about":[{"href":"https:\/\/www.stedenbandmeppelmost.nl\/new\/wp-json\/wp\/v2\/types\/page"}],"author":[{"embeddable":true,"href":"https:\/\/www.stedenbandmeppelmost.nl\/new\/wp-json\/wp\/v2\/users\/1"}],"replies":[{"embeddable":true,"href":"https:\/\/www.stedenbandmeppelmost.nl\/new\/wp-json\/wp\/v2\/comments?post=706"}],"version-history":[{"count":5,"href":"https:\/\/www.stedenbandmeppelmost.nl\/new\/wp-json\/wp\/v2\/pages\/706\/revisions"}],"predecessor-version":[{"id":734,"href":"https:\/\/www.stedenbandmeppelmost.nl\/new\/wp-json\/wp\/v2\/pages\/706\/revisions\/734"}],"wp:attachment":[{"href":"https:\/\/www.stedenbandmeppelmost.nl\/new\/wp-json\/wp\/v2\/media?parent=706"}],"wp:term":[{"taxonomy":"category","embeddable":true,"href":"https:\/\/www.stedenbandmeppelmost.nl\/new\/wp-json\/wp\/v2\/categories?post=706"},{"taxonomy":"post_tag","embeddable":true,"href":"https:\/\/www.stedenbandmeppelmost.nl\/new\/wp-json\/wp\/v2\/tags?post=706"}],"curies":[{"name":"wp","href":"https:\/\/api.w.org\/{rel}","templated":true}]}}