{"id":147,"date":"2019-01-10T14:19:23","date_gmt":"2019-01-10T14:19:23","guid":{"rendered":"http:\/\/www.stedenbandmeppelmost.nl\/new\/?page_id=147"},"modified":"2020-10-06T19:40:27","modified_gmt":"2020-10-06T17:40:27","slug":"onderwijs-2019","status":"publish","type":"page","link":"https:\/\/www.stedenbandmeppelmost.nl\/new\/onderwijs-2019\/","title":{"rendered":"Onderwijs 2019"},"content":{"rendered":"\n\t\t<style type=\"text\/css\">\n\t\t\t#gallery-1 {\n\t\t\t\tmargin: auto;\n\t\t\t}\n\t\t\t#gallery-1 .gallery-item {\n\t\t\t\tfloat: left;\n\t\t\t\tmargin-top: 10px;\n\t\t\t\ttext-align: center;\n\t\t\t\twidth: 33%;\n\t\t\t}\n\t\t\t#gallery-1 img {\n\t\t\t\tborder: 2px solid #cfcfcf;\n\t\t\t}\n\t\t\t#gallery-1 .gallery-caption {\n\t\t\t\tmargin-left: 0;\n\t\t\t}\n\t\t\t\/* see gallery_shortcode() in wp-includes\/media.php *\/\n\t\t<\/style>\n\t\t<div id='gallery-1' class='gallery galleryid-147 gallery-columns-3 gallery-size-thumbnail'><dl class='gallery-item'>\n\t\t\t<dt class='gallery-icon landscape'>\n\t\t\t\t<a href='https:\/\/www.stedenbandmeppelmost.nl\/new\/alle-activiteiten-2019\/20190206_125928-large\/#main'><img loading=\"lazy\" decoding=\"async\" width=\"150\" height=\"150\" src=\"https:\/\/www.stedenbandmeppelmost.nl\/new\/wp-content\/uploads\/2019\/02\/20190206_125928-Large-150x150.jpg\" class=\"attachment-thumbnail size-thumbnail\" alt=\"\" srcset=\"https:\/\/www.stedenbandmeppelmost.nl\/new\/wp-content\/uploads\/2019\/02\/20190206_125928-Large-150x150.jpg 150w, https:\/\/www.stedenbandmeppelmost.nl\/new\/wp-content\/uploads\/2019\/02\/20190206_125928-Large-53x53.jpg 53w, https:\/\/www.stedenbandmeppelmost.nl\/new\/wp-content\/uploads\/2019\/02\/20190206_125928-Large-570x570.jpg 570w, https:\/\/www.stedenbandmeppelmost.nl\/new\/wp-content\/uploads\/2019\/02\/20190206_125928-Large-380x380.jpg 380w, https:\/\/www.stedenbandmeppelmost.nl\/new\/wp-content\/uploads\/2019\/02\/20190206_125928-Large-285x285.jpg 285w\" sizes=\"auto, (max-width: 150px) 100vw, 150px\" \/><\/a>\n\t\t\t<\/dt><\/dl><dl class='gallery-item'>\n\t\t\t<dt class='gallery-icon landscape'>\n\t\t\t\t<a href='https:\/\/www.stedenbandmeppelmost.nl\/new\/hhxz7489-large\/'><img loading=\"lazy\" decoding=\"async\" width=\"150\" height=\"150\" src=\"https:\/\/www.stedenbandmeppelmost.nl\/new\/wp-content\/uploads\/2019\/02\/HHXZ7489-Large-150x150.jpg\" class=\"attachment-thumbnail size-thumbnail\" alt=\"\" srcset=\"https:\/\/www.stedenbandmeppelmost.nl\/new\/wp-content\/uploads\/2019\/02\/HHXZ7489-Large-150x150.jpg 150w, https:\/\/www.stedenbandmeppelmost.nl\/new\/wp-content\/uploads\/2019\/02\/HHXZ7489-Large-53x53.jpg 53w, https:\/\/www.stedenbandmeppelmost.nl\/new\/wp-content\/uploads\/2019\/02\/HHXZ7489-Large-570x570.jpg 570w, https:\/\/www.stedenbandmeppelmost.nl\/new\/wp-content\/uploads\/2019\/02\/HHXZ7489-Large-380x380.jpg 380w, https:\/\/www.stedenbandmeppelmost.nl\/new\/wp-content\/uploads\/2019\/02\/HHXZ7489-Large-285x285.jpg 285w\" sizes=\"auto, (max-width: 150px) 100vw, 150px\" \/><\/a>\n\t\t\t<\/dt><\/dl><dl class='gallery-item'>\n\t\t\t<dt class='gallery-icon landscape'>\n\t\t\t\t<a href='https:\/\/www.stedenbandmeppelmost.nl\/new\/fadc1294-large\/'><img loading=\"lazy\" decoding=\"async\" width=\"150\" height=\"150\" src=\"https:\/\/www.stedenbandmeppelmost.nl\/new\/wp-content\/uploads\/2019\/02\/FADC1294-Large-150x150.jpg\" class=\"attachment-thumbnail size-thumbnail\" alt=\"\" srcset=\"https:\/\/www.stedenbandmeppelmost.nl\/new\/wp-content\/uploads\/2019\/02\/FADC1294-Large-150x150.jpg 150w, https:\/\/www.stedenbandmeppelmost.nl\/new\/wp-content\/uploads\/2019\/02\/FADC1294-Large-53x53.jpg 53w, https:\/\/www.stedenbandmeppelmost.nl\/new\/wp-content\/uploads\/2019\/02\/FADC1294-Large-570x570.jpg 570w, https:\/\/www.stedenbandmeppelmost.nl\/new\/wp-content\/uploads\/2019\/02\/FADC1294-Large-380x380.jpg 380w, https:\/\/www.stedenbandmeppelmost.nl\/new\/wp-content\/uploads\/2019\/02\/FADC1294-Large-285x285.jpg 285w\" sizes=\"auto, (max-width: 150px) 100vw, 150px\" \/><\/a>\n\t\t\t<\/dt><\/dl><br style=\"clear: both\" \/><dl class='gallery-item'>\n\t\t\t<dt class='gallery-icon landscape'>\n\t\t\t\t<a href='https:\/\/www.stedenbandmeppelmost.nl\/new\/dsc02211-large\/'><img loading=\"lazy\" decoding=\"async\" width=\"150\" height=\"150\" src=\"https:\/\/www.stedenbandmeppelmost.nl\/new\/wp-content\/uploads\/2019\/02\/DSC02211-Large-150x150.jpg\" class=\"attachment-thumbnail size-thumbnail\" alt=\"\" srcset=\"https:\/\/www.stedenbandmeppelmost.nl\/new\/wp-content\/uploads\/2019\/02\/DSC02211-Large-150x150.jpg 150w, https:\/\/www.stedenbandmeppelmost.nl\/new\/wp-content\/uploads\/2019\/02\/DSC02211-Large-53x53.jpg 53w, https:\/\/www.stedenbandmeppelmost.nl\/new\/wp-content\/uploads\/2019\/02\/DSC02211-Large-570x570.jpg 570w, https:\/\/www.stedenbandmeppelmost.nl\/new\/wp-content\/uploads\/2019\/02\/DSC02211-Large-380x380.jpg 380w, https:\/\/www.stedenbandmeppelmost.nl\/new\/wp-content\/uploads\/2019\/02\/DSC02211-Large-285x285.jpg 285w\" sizes=\"auto, (max-width: 150px) 100vw, 150px\" \/><\/a>\n\t\t\t<\/dt><\/dl><dl class='gallery-item'>\n\t\t\t<dt class='gallery-icon landscape'>\n\t\t\t\t<a href='https:\/\/www.stedenbandmeppelmost.nl\/new\/dsc02210-large\/'><img loading=\"lazy\" decoding=\"async\" width=\"150\" height=\"150\" src=\"https:\/\/www.stedenbandmeppelmost.nl\/new\/wp-content\/uploads\/2019\/02\/DSC02210-Large-150x150.jpg\" class=\"attachment-thumbnail size-thumbnail\" alt=\"\" srcset=\"https:\/\/www.stedenbandmeppelmost.nl\/new\/wp-content\/uploads\/2019\/02\/DSC02210-Large-150x150.jpg 150w, https:\/\/www.stedenbandmeppelmost.nl\/new\/wp-content\/uploads\/2019\/02\/DSC02210-Large-53x53.jpg 53w, https:\/\/www.stedenbandmeppelmost.nl\/new\/wp-content\/uploads\/2019\/02\/DSC02210-Large-570x570.jpg 570w, https:\/\/www.stedenbandmeppelmost.nl\/new\/wp-content\/uploads\/2019\/02\/DSC02210-Large-380x380.jpg 380w, https:\/\/www.stedenbandmeppelmost.nl\/new\/wp-content\/uploads\/2019\/02\/DSC02210-Large-285x285.jpg 285w\" sizes=\"auto, (max-width: 150px) 100vw, 150px\" \/><\/a>\n\t\t\t<\/dt><\/dl><dl class='gallery-item'>\n\t\t\t<dt class='gallery-icon landscape'>\n\t\t\t\t<a href='https:\/\/www.stedenbandmeppelmost.nl\/new\/xlww4315-large\/'><img loading=\"lazy\" decoding=\"async\" width=\"150\" height=\"150\" src=\"https:\/\/www.stedenbandmeppelmost.nl\/new\/wp-content\/uploads\/2019\/02\/XLWW4315-Large-150x150.jpg\" class=\"attachment-thumbnail size-thumbnail\" alt=\"\" aria-describedby=\"gallery-1-423\" srcset=\"https:\/\/www.stedenbandmeppelmost.nl\/new\/wp-content\/uploads\/2019\/02\/XLWW4315-Large-150x150.jpg 150w, https:\/\/www.stedenbandmeppelmost.nl\/new\/wp-content\/uploads\/2019\/02\/XLWW4315-Large-53x53.jpg 53w, https:\/\/www.stedenbandmeppelmost.nl\/new\/wp-content\/uploads\/2019\/02\/XLWW4315-Large-570x570.jpg 570w, https:\/\/www.stedenbandmeppelmost.nl\/new\/wp-content\/uploads\/2019\/02\/XLWW4315-Large-380x380.jpg 380w, https:\/\/www.stedenbandmeppelmost.nl\/new\/wp-content\/uploads\/2019\/02\/XLWW4315-Large-285x285.jpg 285w\" sizes=\"auto, (max-width: 150px) 100vw, 150px\" \/><\/a>\n\t\t\t<\/dt>\n\t\t\t\t<dd class='wp-caption-text gallery-caption' id='gallery-1-423'>\n\t\t\t\tklik op foto&#8217;s voor vergroting\n\t\t\t\t<\/dd><\/dl><br style=\"clear: both\" \/>\n\t\t<\/div>\n\n<p><span style=\"font-family: tahoma, arial, helvetica, sans-serif; font-size: 10pt;\"><strong>Docenten Drenthe College bezoeken Most.<\/strong><\/span><\/p>\n<p><span style=\"font-family: tahoma, arial, helvetica, sans-serif; font-size: 10pt;\">Een aantal docenten van de afdeling Verpleegkunde van het Drenthe College en twee bestuursleden van de stichting Stedenband Most-Meppel brachten van 4 tot 8 februari een bezoek aan Most. Doel van deze studiereis was het onderzoeken van mogelijke vormen van samenwerking tussen het Drenthe College in Meppel en de <strong>Vy\u0161\u0161\u00ed Odborna \u0160kola<\/strong> in Most. De reis was mogelijk in het kader van het Europese subsidieproject \u201cErasmus plus\u201d.<\/span><\/p>\n<p><span style=\"font-size: 10pt;\"><span style=\"font-family: tahoma, arial, helvetica, sans-serif;\">Het persoonlijke contact tussen docenten uit Meppel en Most werd wederzijds zeer op prijs gesteld. De Meppelers waren vooral ge\u00efnteresseerd in het leerplan en de stagemodellen die in Most worden gehanteerd. Ook was het voor hen interessant te zien hoe aan het verpleegkunde-onderwijs in Most vorm wordt gegeven.<\/span><span style=\"font-family: tahoma, arial, helvetica, sans-serif;\">Tijdens het bezoek aan de school in Most woonden de docenten verschillende lessen bij en daarnaast kregen zij uitleg over het onderwijssysteem. Ook brachten zij een bezoek aan het ziekenhuis van Most, waar de directeur en de hoofdverpleegkundige uitleg gaven over de gezondheidszorg in Tsjechi\u00eb. Een gepland bezoek aan de verschillende afdelingen van het ziekenhuis kon als gevolg van een heersende griepepidemie niet doorgaan.<\/span><\/span><\/p>\n<p><span style=\"font-family: tahoma, arial, helvetica, sans-serif; font-size: 10pt;\">De Meppelers brachten ook een bezoek aan een opvanghuis voor baby\u2019s en oudere kinderen van ouders die niet bij machte zijn zelf voor hun kinderen te zorgen of uit de ouderlijke macht zijn ontzet. In elk van de 14 provincies van Tsjechi\u00eb bestaat een dergelijk opvanghuis. Men was onder de indruk van de wijze waarop op een liefdevolle en tegelijk ook professionele wijze voor deze kinderen werd gezorgd. Ook werd uitleg gegeven over mogelijkheden van adoptie, zowel binnen als buiten Tsjechi\u00eb.<\/span><\/p>\n<p><span style=\"font-family: tahoma, arial, helvetica, sans-serif; font-size: 10pt;\">In de evaluatie noemden de Meppeler docenten de studiereis inspirerend en blikverruimend. Verdere samenwerkingsvormen tussen het Drenthe College en de <strong>Vy\u0161\u0161\u00ed Odborna \u0160kola<\/strong> zullen worden uitgewerkt. Het gaat daarbij dan niet alleen om samenwerking op het gebied van de verpleegkundige opleiding, maar ook op het gebied van het opleiden van medewerkers voor de kinderopvang en voor- en naschoolse opvang. Er lijken ook goede mogelijkheden te zijn om Meppeler studenten hun stage te laten doorbrengen in soortgelijke instellingen in Most.<\/span><\/p>\n<p>&nbsp;<\/p>\n<p>&nbsp;<\/p>\n<p>&nbsp;<\/p>\n<p>&nbsp;<\/p>\n","protected":false},"excerpt":{"rendered":"<p>Docenten Drenthe College bezoeken Most. Een aantal docenten van de afdeling Verpleegkunde van het Drenthe College en twee bestuursleden van de stichting Stedenband Most-Meppel brachten van 4 tot 8 februari een bezoek aan Most. Doel van deze studiereis was het onderzoeken van mogelijke vormen van samenwerking tussen het Drenthe College in Meppel en de Vy\u0161\u0161\u00ed&hellip;<\/p>\n<p class=\"more-link\"><a href=\"https:\/\/www.stedenbandmeppelmost.nl\/new\/onderwijs-2019\/\" class=\"themebutton\">Read More<\/a><\/p>\n","protected":false},"author":1,"featured_media":0,"parent":0,"menu_order":0,"comment_status":"closed","ping_status":"closed","template":"","meta":{"footnotes":""},"categories":[],"tags":[],"class_list":["post-147","page","type-page","status-publish","hentry"],"_links":{"self":[{"href":"https:\/\/www.stedenbandmeppelmost.nl\/new\/wp-json\/wp\/v2\/pages\/147","targetHints":{"allow":["GET"]}}],"collection":[{"href":"https:\/\/www.stedenbandmeppelmost.nl\/new\/wp-json\/wp\/v2\/pages"}],"about":[{"href":"https:\/\/www.stedenbandmeppelmost.nl\/new\/wp-json\/wp\/v2\/types\/page"}],"author":[{"embeddable":true,"href":"https:\/\/www.stedenbandmeppelmost.nl\/new\/wp-json\/wp\/v2\/users\/1"}],"replies":[{"embeddable":true,"href":"https:\/\/www.stedenbandmeppelmost.nl\/new\/wp-json\/wp\/v2\/comments?post=147"}],"version-history":[{"count":8,"href":"https:\/\/www.stedenbandmeppelmost.nl\/new\/wp-json\/wp\/v2\/pages\/147\/revisions"}],"predecessor-version":[{"id":766,"href":"https:\/\/www.stedenbandmeppelmost.nl\/new\/wp-json\/wp\/v2\/pages\/147\/revisions\/766"}],"wp:attachment":[{"href":"https:\/\/www.stedenbandmeppelmost.nl\/new\/wp-json\/wp\/v2\/media?parent=147"}],"wp:term":[{"taxonomy":"category","embeddable":true,"href":"https:\/\/www.stedenbandmeppelmost.nl\/new\/wp-json\/wp\/v2\/categories?post=147"},{"taxonomy":"post_tag","embeddable":true,"href":"https:\/\/www.stedenbandmeppelmost.nl\/new\/wp-json\/wp\/v2\/tags?post=147"}],"curies":[{"name":"wp","href":"https:\/\/api.w.org\/{rel}","templated":true}]}}