{"id":1078,"date":"2022-10-09T10:52:09","date_gmt":"2022-10-09T09:52:09","guid":{"rendered":"https:\/\/www.stedenbandmeppelmost.nl\/new\/?page_id=1078"},"modified":"2023-10-04T20:51:44","modified_gmt":"2023-10-04T19:51:44","slug":"alle-activiteiten-2023","status":"publish","type":"page","link":"https:\/\/www.stedenbandmeppelmost.nl\/new\/alle-activiteiten-2023\/","title":{"rendered":"Alle activiteiten 2023"},"content":{"rendered":"<p><strong><span style=\"font-family: tahoma, arial, helvetica, sans-serif; font-size: 10pt;\">Studenten Vy\u0161\u0161\u00ed Odborna \u0160kola<br \/>\n<\/span><\/strong><span style=\"font-family: tahoma, arial, helvetica, sans-serif; font-size: 10pt;\">Van 23 april tot 18 mei liepen vier studenten van de Vy\u0161\u0161\u00ed Odborna \u0160kola in Most stage in Meppel.<\/span><br \/>\n<span style=\"font-family: tahoma, arial, helvetica, sans-serif; font-size: 10pt;\">Pavlina Povova and Nicol Pastyrikova brachten hun stage door in verzorgingshuis De Berghorst in Staphorst, David Volf en Kevin Nhat Long Trieu in het stadhuis van Meppel. <a href=\"https:\/\/www.stedenbandmeppelmost.nl\/new\/2023-2\/\">Lees verder<\/a><\/span><\/p>\n<p><span style=\"font-family: tahoma, arial, helvetica, sans-serif; font-size: 10pt;\"><strong>Mosteck\u00e1 Slavnost<\/strong>\u00a0\u00a0<\/span><br \/>\n<span style=\"font-family: tahoma, arial, helvetica, sans-serif; font-size: 10pt;\">Het accordeonorkest Musetta maakte van donderdag 7 tot zondag 10 september een concertreis naar Most. Het orkest nam op zaterdagmiddag deel aan het jaarlijkse muziekfestival Mostecky Slavnost.\u00a0<\/span><\/p>\n<p><span style=\"font-family: tahoma, arial, helvetica, sans-serif; font-size: 10pt;\">Klik <a href=\"https:\/\/www.youtube.com\/watch?v=eTzHQxEbuEo\" target=\"_blank\" rel=\"noopener\">hier<\/a> voor een filmpje van dit optreden<br \/>\nKlik <a href=\"https:\/\/www.stedenbandmeppelmost.nl\/new\/fotogalerij-musetta-in-most-2023\/\" target=\"_blank\" rel=\"noopener\">hier <\/a>voor een foto-impressie<\/span><\/p>\n<p><span style=\"font-family: tahoma, arial, helvetica, sans-serif; font-size: 10pt;\"><strong>Scouting<\/strong> \u00a0<\/span><br \/>\n<span style=\"font-family: tahoma, arial, helvetica, sans-serif; font-size: 10pt;\">Skaut Most van plan is in oktober naar Meppel te komen.<\/span><\/p>\n<p><span style=\"font-family: tahoma, arial, helvetica, sans-serif; font-size: 10pt;\"><strong>Gemeenteraad naar Most<\/strong><br \/>\nEen delegatie van de gemeenteraad van Meppel bracht van 8 tot 10 september een bezoek aan Most.<\/span><\/p>\n<p>&nbsp;<\/p>\n<p>&nbsp;<\/p>\n","protected":false},"excerpt":{"rendered":"<p>Studenten Vy\u0161\u0161\u00ed Odborna \u0160kola Van 23 april tot 18 mei liepen vier studenten van de Vy\u0161\u0161\u00ed Odborna \u0160kola in Most stage in Meppel. Pavlina Povova and Nicol Pastyrikova brachten hun stage door in verzorgingshuis De Berghorst in Staphorst, David Volf en Kevin Nhat Long Trieu in het stadhuis van Meppel. Lees verder Mosteck\u00e1 Slavnost\u00a0\u00a0 Het&hellip;<\/p>\n<p class=\"more-link\"><a href=\"https:\/\/www.stedenbandmeppelmost.nl\/new\/alle-activiteiten-2023\/\" class=\"themebutton\">Read More<\/a><\/p>\n","protected":false},"author":1,"featured_media":0,"parent":0,"menu_order":0,"comment_status":"closed","ping_status":"closed","template":"","meta":{"footnotes":""},"categories":[],"tags":[],"class_list":["post-1078","page","type-page","status-publish","hentry"],"_links":{"self":[{"href":"https:\/\/www.stedenbandmeppelmost.nl\/new\/wp-json\/wp\/v2\/pages\/1078","targetHints":{"allow":["GET"]}}],"collection":[{"href":"https:\/\/www.stedenbandmeppelmost.nl\/new\/wp-json\/wp\/v2\/pages"}],"about":[{"href":"https:\/\/www.stedenbandmeppelmost.nl\/new\/wp-json\/wp\/v2\/types\/page"}],"author":[{"embeddable":true,"href":"https:\/\/www.stedenbandmeppelmost.nl\/new\/wp-json\/wp\/v2\/users\/1"}],"replies":[{"embeddable":true,"href":"https:\/\/www.stedenbandmeppelmost.nl\/new\/wp-json\/wp\/v2\/comments?post=1078"}],"version-history":[{"count":16,"href":"https:\/\/www.stedenbandmeppelmost.nl\/new\/wp-json\/wp\/v2\/pages\/1078\/revisions"}],"predecessor-version":[{"id":1297,"href":"https:\/\/www.stedenbandmeppelmost.nl\/new\/wp-json\/wp\/v2\/pages\/1078\/revisions\/1297"}],"wp:attachment":[{"href":"https:\/\/www.stedenbandmeppelmost.nl\/new\/wp-json\/wp\/v2\/media?parent=1078"}],"wp:term":[{"taxonomy":"category","embeddable":true,"href":"https:\/\/www.stedenbandmeppelmost.nl\/new\/wp-json\/wp\/v2\/categories?post=1078"},{"taxonomy":"post_tag","embeddable":true,"href":"https:\/\/www.stedenbandmeppelmost.nl\/new\/wp-json\/wp\/v2\/tags?post=1078"}],"curies":[{"name":"wp","href":"https:\/\/api.w.org\/{rel}","templated":true}]}}